{"id":848,"date":"2020-02-03T18:15:23","date_gmt":"2020-02-03T17:15:23","guid":{"rendered":"https:\/\/parnaseo.uv.es\/PortalCelestinesco\/?page_id=848"},"modified":"2020-02-19T21:12:50","modified_gmt":"2020-02-19T20:12:50","slug":"aviso-legal","status":"publish","type":"page","link":"https:\/\/parnaseo.uv.es\/PortalCelestinesco\/aviso-legal\/","title":{"rendered":"Aviso Legal"},"content":{"rendered":"\t\t<div data-elementor-type=\"wp-page\" data-elementor-id=\"848\" class=\"elementor elementor-848\" data-elementor-settings=\"[]\">\n\t\t\t\t\t\t<div class=\"elementor-inner\">\n\t\t\t\t\t\t\t<div class=\"elementor-section-wrap\">\n\t\t\t\t\t\t\t<section class=\"elementor-section elementor-top-section elementor-element elementor-element-51dd6bec elementor-section-stretched elementor-section-boxed elementor-section-height-default elementor-section-height-default\" data-id=\"51dd6bec\" data-element_type=\"section\" data-settings=\"{&quot;stretch_section&quot;:&quot;section-stretched&quot;,&quot;background_background&quot;:&quot;classic&quot;}\">\n\t\t\t\t\t\t<div class=\"elementor-container elementor-column-gap-default\">\n\t\t\t\t\t\t\t<div class=\"elementor-row\">\n\t\t\t\t\t<div class=\"elementor-column elementor-col-100 elementor-top-column elementor-element elementor-element-128d220a\" data-id=\"128d220a\" data-element_type=\"column\">\n\t\t\t<div class=\"elementor-column-wrap elementor-element-populated\">\n\t\t\t\t\t\t\t<div class=\"elementor-widget-wrap\">\n\t\t\t\t\t\t<div class=\"elementor-element elementor-element-914d945 elementor-widget elementor-widget-heading\" data-id=\"914d945\" data-element_type=\"widget\" data-widget_type=\"heading.default\">\n\t\t\t\t<div class=\"elementor-widget-container\">\n\t\t\t<h2 class=\"elementor-heading-title elementor-size-default\">Aviso legal<\/h2>\t\t<\/div>\n\t\t\t\t<\/div>\n\t\t\t\t\t\t<\/div>\n\t\t\t\t\t<\/div>\n\t\t<\/div>\n\t\t\t\t\t\t\t\t<\/div>\n\t\t\t\t\t<\/div>\n\t\t<\/section>\n\t\t\t\t<section class=\"elementor-section elementor-top-section elementor-element elementor-element-cb898f9 elementor-section-boxed elementor-section-height-default elementor-section-height-default\" data-id=\"cb898f9\" data-element_type=\"section\">\n\t\t\t\t\t\t<div class=\"elementor-container elementor-column-gap-default\">\n\t\t\t\t\t\t\t<div class=\"elementor-row\">\n\t\t\t\t\t<div class=\"elementor-column elementor-col-100 elementor-top-column elementor-element elementor-element-55e3136\" data-id=\"55e3136\" data-element_type=\"column\">\n\t\t\t<div class=\"elementor-column-wrap elementor-element-populated\">\n\t\t\t\t\t\t\t<div class=\"elementor-widget-wrap\">\n\t\t\t\t\t\t<div class=\"elementor-element elementor-element-66ec282 elementor-widget elementor-widget-text-editor\" data-id=\"66ec282\" data-element_type=\"widget\" data-widget_type=\"text-editor.default\">\n\t\t\t\t<div class=\"elementor-widget-container\">\n\t\t\t\t\t\t\t\t<div class=\"elementor-text-editor elementor-clearfix\">\n\t\t\t\t<h2>Condiciones de uso<\/h2><p>\u00a0\u00a0 Las presentes condiciones de uso tienen por objeto definir los t\u00e9rminos que rigen la edici\u00f3n y el uso de las p\u00e1ginas web y servicios ubicados en la direcci\u00f3n electr\u00f3nica <a href=\"https:\/\/parnaseo.uv.es\">https:\/\/parnaseo.uv.es<\/a> de la Universitat de Val\u00e8ncia. Cualquier usuario que acceda a la informaci\u00f3n y servicios ofrecidos en el citado dominio est\u00e1 sujeto al presente documento. La sede electr\u00f3nica se regir\u00e1 por la normativa espec\u00edfica <a href=\"https:\/\/www.uv.es\/uvweb\/servicio-informatica\/es\/normativa-procedimientos\/reglamento-uso-recursos-tic-uv-1285874221018.html\" target=\"_blank\" rel=\"noreferrer noopener\" aria-label=\"Reglamento de uso de los recursos relacionados con las tecnolog\u00edas de la informaci\u00f3n y las comunicaciones de la UV (se abre en una nueva pesta\u00f1a)\">Reglamento de uso de los recursos relacionados con las tecnolog\u00edas de la informaci\u00f3n y las comunicaciones de la UV<\/a>.<\/p><h2>Responsabilidad<\/h2><p>\u00a0\u00a0 La Universitat de Val\u00e8ncia ostenta la titularidad, gesti\u00f3n y administraci\u00f3n de la informaci\u00f3n y los servicios ofrecidos a trav\u00e9s del dominio <a href=\"https:\/\/uv.es\" target=\"_blank\" rel=\"noopener\">uv.es<\/a> y observar\u00e1 el cumplimiento de los siguientes principios:<\/p><ul><li>El respeto al derecho a la protecci\u00f3n de datos de car\u00e1cterpersonal en los t\u00e9rminos establecidos por la Ley Org\u00e1nica 3\/2018,de Protecci\u00f3n de los Datos de Car\u00e1cter Personal y Garant\u00eda deDerechos Digitales y en sus normas de desarrollo.<\/li><li>Principio de igualdad, accesibilidad a la informaci\u00f3n y a los servicios por medios electr\u00f3nicos en los t\u00e9rminos establecidos por la normativa vigente en estas materias.<\/li><li>Principio de seguridad en la implantaci\u00f3n y utilizaci\u00f3n de losmedios electr\u00f3nicos.<\/li><li>Principio de responsabilidad y calidad en la veracidad y autenticidad de las informaciones y servicios ofrecidos a trav\u00e9s de medios electr\u00f3nicos.<\/li><li>Principio de neutralidad tecnol\u00f3gica y de adaptabilidad al progreso de las t\u00e9cnicas y sistemas de comunicaciones electr\u00f3nicas garantizando la independencia en la elecci\u00f3n de las alternativas tecnol\u00f3gicas por los ciudadanos y por la Universitat de Val\u00e8ncia. A estos efectos la Universitat de Val\u00e8ncia utilizar\u00e1 est\u00e1ndares abiertos as\u00ed como, en su caso y de forma complementaria, est\u00e1ndares que sean de uso generalizado por los ciudadanos.<\/li><\/ul><p>\u00a0<\/p><h2>Exclusi\u00f3n de responsabilidad<\/h2><p>\u00a0\u00a0 El portal Parnaseo \u00fanicamente se hace responsable de la veracidad de la informaci\u00f3n y los servicios ofrecidos directamente a trav\u00e9s del dominio <a href=\"https:\/\/parnaseo.uv.es\">https:\/\/parnaseo.uv.es<\/a>.<\/p><p>\u00a0\u00a0 As\u00ed mismo, el portal Parnaseo act\u00faa de buena fe en la puesta a disposici\u00f3n de los usuarios de la informaci\u00f3n y servicios a trav\u00e9s de su dominio <a href=\"https:\/\/parnaseo.uv.es\">https:\/\/parnaseo.uv.es<\/a> por lo que no se hace responsable de:<\/p><ul><li>La informaci\u00f3n presente en la memoria cach\u00e9 de los buscadores (servicios de catching).<\/li><li>Los fallos t\u00e9cnicos que puedan imposibilitar el acceso a la informaci\u00f3n y los servicios ofrecidos a trav\u00e9s del dominio <a href=\"https:\/\/parnaseo.uv.es\">https:\/\/parnaseo.uv.es<\/a><\/li><li>El acceso y uso il\u00edcitos por parte de los usuarios y, en especial, a las actividades conocidas como framing o pharming.<\/li><li>El uso inadecuado por terceros ajenos a la Universitat de Val\u00e8ncia y, en concreto, cuando dichos terceros suplanten o emulen la identidad corporativa de la Universitat de Val\u00e8ncia y de la web Parnaseo.<\/li><li>Los contenidos de los enlaces que dirijan a p\u00e1ginas externas al dominio <a href=\"https:\/\/parnaseo.uv.es\">https:\/\/parnaseo.uv.es<\/a><\/li><\/ul><p>\u00a0<\/p><h2>Obligaciones de los usuarios<\/h2><p>\u00a0\u00a0 Tendr\u00e1 la consideraci\u00f3n de usuario cualquier ciudadano que acceda a la informaci\u00f3n del dominio <a href=\"https:\/\/parnaseo.uv.es\">https:\/\/parnaseo.uv.es<\/a>, haga uso o no de dicha informaci\u00f3n. En el uso de la informaci\u00f3n, los usuarios tienen las siguientes obligaciones:<\/p><ul><li>Los usuarios se comprometen a hacer un uso de buena fe en relaci\u00f3n con la informaci\u00f3n que la web Parnaseo ofrece a trav\u00e9s de la direcci\u00f3n electr\u00f3nica <a href=\"https:\/\/parnaseo.uv.es\">https:\/\/parnaseo.uv.es<\/a><\/li><li>Los usuarios deber\u00e1n cumplir la presente normativa y el resto del ordenamiento jur\u00eddico. En particular, deber\u00e1n respetar los derechos de los ciudadanos y en especial de sus derechos a la protecci\u00f3n de datos, la intimidad, el honor y la propia imagen.<\/li><li>Se respetar\u00e1n los derechos de propiedad intelectual e industrial de la Universitat de Val\u00e8ncia y de terceros, conforme a la legislaci\u00f3n vigente.<\/li><li>Colaborar con la Universitat de Val\u00e8ncia, cuando se tenga el conocimiento de la comisi\u00f3n de hechos ilegales o delictivos en relaci\u00f3n al uso de los recursos inform\u00e1ticos y telem\u00e1ticos de la web Parnaseo y de la Universitat de Val\u00e8ncia.<\/li><\/ul><p><br \/>\u00a0\u00a0 En ning\u00fan caso se podr\u00e1 hacer uso de la informaci\u00f3n y servicios referidos en el presente documento para las siguientes finalidades:<\/p><p>\u00a0<\/p><ul><li>Incurrir en actividades il\u00edcitas o ilegales de cualquier tipo, y particularmente, difundir contenidos o propaganda de car\u00e1cter racista, xen\u00f3fobo, pornogr\u00e1fico, sexista, de apolog\u00eda del terrorismo o atentatorio contra los derechos humanos, o actuar en perjuicio de los derechos a la intimidad, al honor, a la propia imagen o contra la dignidad de las personas.<\/li><li>Difundir manifestaciones o referencias falsas, incorrectas o inexactas sobre las p\u00e1ginas y los servicios de la web Parnaseo y la Universitat de Val\u00e8ncia.<\/li><li>Introducir o difundir en la red virus inform\u00e1ticos o cualesquiera otros sistemas f\u00edsicos o l\u00f3gicos que sean susceptibles de provocar los da\u00f1os anteriormente citados.<\/li><\/ul><h2>\u00a0<\/h2><h2>Derechos de propiedad intelectual e industrial<\/h2><p>\u00a0\u00a0 Los textos, dise\u00f1os, im\u00e1genes, bases de datos, logos, estructura, marcas y dem\u00e1s elementos de este sitio est\u00e1n protegidos por las leyes y los tratados internacionales sobre propiedad intelectual e industrial.<\/p><p>\u00a0\u00a0 Cualquier reproducci\u00f3n, transmisi\u00f3n, adaptaci\u00f3n, traducci\u00f3n, modificaci\u00f3n, comunicaci\u00f3n al p\u00fablico, o cualquier otra explotaci\u00f3n de todo o parte del contenido de este sitio, efectuada de cualquier forma o por cualquier medio, electr\u00f3nico, mec\u00e1nico u otro, est\u00e1n estrictamente prohibidos salvo autorizaci\u00f3n previa por escrito de la direcci\u00f3n de la web Parnaseo o de la Universitat de Val\u00e8ncia. Cualquier infracci\u00f3n de estos derechos puede dar lugar a procedimientos extrajudiciales o judiciales civiles o penales que correspondan.<\/p><p>\u00a0\u00a0 La Universitat de Val\u00e8ncia no concede ninguna licencia o autorizaci\u00f3n de uso de ninguna clase sobre sus derechos de propiedad intelectual e industrial o sobre cualquier otra propiedad o derecho relacionado con el Portal, los servicios o los contenidos del mismo.<\/p><p>\u00a0\u00a0 A los efectos de preservar los posibles derechos de propiedad intelectual, en el caso de que cualquier usuario o un tercero considere que se ha producido una violaci\u00f3n de sus leg\u00edtimos derechos por la introducci\u00f3n de un determinado contenido en el Web, deber\u00e1 notificar dicha circunstancia, por escrito, a \u00abParnaseo \/ Departamento de Filologia Espanyola \/ Facultat de Filologia \/ Universitat de Valencia \/ Avd. Blasco Ib\u00e1\u00f1ez, 32 \/ 46010 Valencia (Espa\u00f1a)\u00bb Tel: +34 96 3864862, Fax:+ 34 96 3864492, indicando: \u00abParnaseo\u00bb.<br \/>Datos de car\u00e1cter personal identificativos del interesado titular de los<br \/>derechos presuntamente infringidos. Si la reclamaci\u00f3n la presenta un<br \/>tercero distinto del interesado, deber\u00e1 indicar la representaci\u00f3n que<br \/>ostenta con la que act\u00faa.<\/p><p>\u00a0\u00a0 Indicaci\u00f3n de los contenidos protegidos por los derechos de propiedad intelectual y su ubicaci\u00f3n en el web.<\/p><p>\u00a0\u00a0 Acreditaci\u00f3n de la existencia, titularidad y vigencia de los citados derechos de propiedad intelectual.<\/p><p>\u00a0\u00a0 Declaraci\u00f3n expresa en la que el interesado se responsabilice de la veracidad de los datos e informaci\u00f3n facilitados en la notificaci\u00f3n a que se refiere este punto. <\/p><h2>Protecci\u00f3n de datos<\/h2><p>\u00a0\u00a0 Las p\u00e1ginas alojadas en el dominio <a href=\"https:\/\/parnaseo.uv.es\">https:\/\/parnaseo.uv.es<\/a> contienen datos de car\u00e1cter personal. El uso de los mismos depender\u00e1 de su categor\u00eda. As\u00ed:<\/p><p>\u00a0<\/p><ul><li>Datos de contacto: Estos datos s\u00f3lo podr\u00e1n utilizarse para finalidades acad\u00e9micas y administrativas. El hecho de utilizarlos para fines distintos, y en particular para finalidades comerciales o el env\u00edo masivo de correos (SPAM), se considerar\u00e1 contrario a los principios del art\u00edculo 4 de la Ley Org\u00e1nica 3\/2018, de 5 de diciembre, de Protecci\u00f3n de Datos de Car\u00e1cter Personal y Garant\u00eda de Derechos Digitales, y sus equivalentes de la Directiva 95\/46\/CE, y ser\u00e1 puesto en conocimiento de las autoridades competentes en materia de Protecci\u00f3n de Datos.<\/li><li>Publicaciones administrativas: Se trata de publicaciones que se realizan en cumplimiento de los art\u00edculos 59, 60 y 61 de la Ley 30\/1992, de 26 de noviembre, de R\u00e9gimen Jur\u00eddico de las Administraciones P\u00fablicas y del Procedimiento Administrativo Com\u00fan, quedando prohibido cualquier uso para finalidades distintas a las establecidas en dicha ley.<\/li><\/ul><p><br \/>\u00a0\u00a0 En todo caso, queda prohibida la captaci\u00f3n y almacenamiento de datos personales publicados en el dominio <a href=\"https:\/\/parnaseo.uv.es\">https:\/\/parnaseo.uv.es<\/a>.<\/p><p>\u00a0\u00a0 Si desea ejercer sus derechos de oposici\u00f3n al tratamiento, acceso, rectificaci\u00f3n y cancelaci\u00f3n debe dirigirse por escrito a \u00abParnaseo \/ Departamento de Filologia Espanyola \/ Facultat de Filologia \/ Universitat<br \/>de Valencia \/ Avd. Blasco Ib\u00e1\u00f1ez, 32 \/ 46010 Valencia (Espa\u00f1a)\u00bb, indicando su petici\u00f3n y aportando fotocopia de un documento que lo identifique.<\/p>\t\t\t\t\t<\/div>\n\t\t\t\t\t\t<\/div>\n\t\t\t\t<\/div>\n\t\t\t\t\t\t<\/div>\n\t\t\t\t\t<\/div>\n\t\t<\/div>\n\t\t\t\t\t\t\t\t<\/div>\n\t\t\t\t\t<\/div>\n\t\t<\/section>\n\t\t\t\t\t\t<\/div>\n\t\t\t\t\t\t<\/div>\n\t\t\t\t\t<\/div>\n\t\t","protected":false},"excerpt":{"rendered":"<p>Aviso legal Condiciones de uso \u00a0\u00a0 Las presentes condiciones de uso tienen por objeto definir los t\u00e9rminos que rigen la edici\u00f3n y el uso de las p\u00e1ginas web y servicios ubicados en la direcci\u00f3n electr\u00f3nica https:\/\/parnaseo.uv.es de la Universitat de Val\u00e8ncia. Cualquier usuario que acceda a la informaci\u00f3n y servicios ofrecidos en el citado dominio [&hellip;]<\/p>\n","protected":false},"author":1,"featured_media":0,"parent":0,"menu_order":0,"comment_status":"closed","ping_status":"closed","template":"","meta":[],"_links":{"self":[{"href":"https:\/\/parnaseo.uv.es\/PortalCelestinesco\/wp-json\/wp\/v2\/pages\/848"}],"collection":[{"href":"https:\/\/parnaseo.uv.es\/PortalCelestinesco\/wp-json\/wp\/v2\/pages"}],"about":[{"href":"https:\/\/parnaseo.uv.es\/PortalCelestinesco\/wp-json\/wp\/v2\/types\/page"}],"author":[{"embeddable":true,"href":"https:\/\/parnaseo.uv.es\/PortalCelestinesco\/wp-json\/wp\/v2\/users\/1"}],"replies":[{"embeddable":true,"href":"https:\/\/parnaseo.uv.es\/PortalCelestinesco\/wp-json\/wp\/v2\/comments?post=848"}],"version-history":[{"count":0,"href":"https:\/\/parnaseo.uv.es\/PortalCelestinesco\/wp-json\/wp\/v2\/pages\/848\/revisions"}],"wp:attachment":[{"href":"https:\/\/parnaseo.uv.es\/PortalCelestinesco\/wp-json\/wp\/v2\/media?parent=848"}],"curies":[{"name":"wp","href":"https:\/\/api.w.org\/{rel}","templated":true}]}}