{"id":1122,"date":"2020-02-18T15:50:26","date_gmt":"2020-02-18T14:50:26","guid":{"rendered":"https:\/\/parnaseo.uv.es\/PortalCelestinesco\/?page_id=1122"},"modified":"2020-02-19T21:02:00","modified_gmt":"2020-02-19T20:02:00","slug":"politica-de-cookies","status":"publish","type":"page","link":"https:\/\/parnaseo.uv.es\/PortalCelestinesco\/politica-de-cookies\/","title":{"rendered":"Pol\u00edtica de cookies"},"content":{"rendered":"\t\t<div data-elementor-type=\"wp-page\" data-elementor-id=\"1122\" class=\"elementor elementor-1122\" data-elementor-settings=\"[]\">\n\t\t\t\t\t\t<div class=\"elementor-inner\">\n\t\t\t\t\t\t\t<div class=\"elementor-section-wrap\">\n\t\t\t\t\t\t\t<section class=\"elementor-section elementor-top-section elementor-element elementor-element-31f57b3 elementor-section-stretched elementor-section-boxed elementor-section-height-default elementor-section-height-default\" data-id=\"31f57b3\" data-element_type=\"section\" data-settings=\"{&quot;stretch_section&quot;:&quot;section-stretched&quot;,&quot;background_background&quot;:&quot;classic&quot;}\">\n\t\t\t\t\t\t<div class=\"elementor-container elementor-column-gap-default\">\n\t\t\t\t\t\t\t<div class=\"elementor-row\">\n\t\t\t\t\t<div class=\"elementor-column elementor-col-100 elementor-top-column elementor-element elementor-element-598def2\" data-id=\"598def2\" data-element_type=\"column\">\n\t\t\t<div class=\"elementor-column-wrap elementor-element-populated\">\n\t\t\t\t\t\t\t<div class=\"elementor-widget-wrap\">\n\t\t\t\t\t\t<div class=\"elementor-element elementor-element-a1857c5 elementor-widget elementor-widget-heading\" data-id=\"a1857c5\" data-element_type=\"widget\" data-widget_type=\"heading.default\">\n\t\t\t\t<div class=\"elementor-widget-container\">\n\t\t\t<h2 class=\"elementor-heading-title elementor-size-default\">Pol\u00edtica de cookies<\/h2>\t\t<\/div>\n\t\t\t\t<\/div>\n\t\t\t\t\t\t<\/div>\n\t\t\t\t\t<\/div>\n\t\t<\/div>\n\t\t\t\t\t\t\t\t<\/div>\n\t\t\t\t\t<\/div>\n\t\t<\/section>\n\t\t\t\t<section class=\"elementor-section elementor-top-section elementor-element elementor-element-8f1afec elementor-section-boxed elementor-section-height-default elementor-section-height-default\" data-id=\"8f1afec\" data-element_type=\"section\">\n\t\t\t\t\t\t<div class=\"elementor-container elementor-column-gap-default\">\n\t\t\t\t\t\t\t<div class=\"elementor-row\">\n\t\t\t\t\t<div class=\"elementor-column elementor-col-100 elementor-top-column elementor-element elementor-element-663d441\" data-id=\"663d441\" data-element_type=\"column\">\n\t\t\t<div class=\"elementor-column-wrap elementor-element-populated\">\n\t\t\t\t\t\t\t<div class=\"elementor-widget-wrap\">\n\t\t\t\t\t\t<div class=\"elementor-element elementor-element-3946732 elementor-widget elementor-widget-text-editor\" data-id=\"3946732\" data-element_type=\"widget\" data-widget_type=\"text-editor.default\">\n\t\t\t\t<div class=\"elementor-widget-container\">\n\t\t\t\t\t\t\t\t<div class=\"elementor-text-editor elementor-clearfix\">\n\t\t\t\t<p>\u00a0\u00a0 La aceptaci\u00f3n de la presente Pol\u00edtica implica que el usuario ha sido informado de forma clara y completa sobre el uso de dispositivos de almacenamiento y recuperaci\u00f3n de datos (cookies) as\u00ed como que esta p\u00e1gina web (Portal Celestinesco y Parnaseo) dispone del consentimiento del usuario para el uso de las mismas en los t\u00e9rminos del art\u00edculo 22 de la Ley 34\/2002, de 11 de julio, de Servicios de la Sociedad de la Informaci\u00f3n y Comercio Electr\u00f3nico (LSSI).<\/p><p>\u00a0\u00a0 El Portal Celestinesco utiliza cookies de uso interno para el funcionamiento de la web. En concreto, esta web utiliza cookies para el mantenimiento de la sesi\u00f3n cuando se navega por la p\u00e1gina. Y tambi\u00e9n cookies anal\u00edticas que sirven para recabar estad\u00edsticas sobre la actividad del usuario al visitar la p\u00e1gina web y la actividad general de la misma. La informaci\u00f3n se utiliza exclusivamente de forma interna, con el objetivo de incrementar nuestra comprensi\u00f3n sobre el comportamiento, necesidades e intereses de los usuarios que visitan nuestra web.<\/p><p>\u00a0\u00a0 La informaci\u00f3n recopilada es an\u00f3nima y permite optimizar la navegaci\u00f3n por nuestra p\u00e1gina web y garantizar el mejor servicio al usuario.<\/p><p>\u00a0\u00a0 El usuario puede excluir su actividad mediante los sistemas de exclusi\u00f3n facilitados por las herramientas anal\u00edticas <a href=\"https:\/\/support.google.com\/analytics\/answer\/6004245\" target=\"_blank\" rel=\"noopener\">(Google Analytics)<\/a>.<\/p>\t\t\t\t\t<\/div>\n\t\t\t\t\t\t<\/div>\n\t\t\t\t<\/div>\n\t\t\t\t\t\t<\/div>\n\t\t\t\t\t<\/div>\n\t\t<\/div>\n\t\t\t\t\t\t\t\t<\/div>\n\t\t\t\t\t<\/div>\n\t\t<\/section>\n\t\t\t\t\t\t<\/div>\n\t\t\t\t\t\t<\/div>\n\t\t\t\t\t<\/div>\n\t\t","protected":false},"excerpt":{"rendered":"<p>Pol\u00edtica de cookies \u00a0\u00a0 La aceptaci\u00f3n de la presente Pol\u00edtica implica que el usuario ha sido informado de forma clara y completa sobre el uso de dispositivos de almacenamiento y recuperaci\u00f3n de datos (cookies) as\u00ed como que esta p\u00e1gina web (Portal Celestinesco y Parnaseo) dispone del consentimiento del usuario para el uso de las mismas [&hellip;]<\/p>\n","protected":false},"author":1,"featured_media":0,"parent":0,"menu_order":0,"comment_status":"closed","ping_status":"closed","template":"","meta":[],"_links":{"self":[{"href":"https:\/\/parnaseo.uv.es\/PortalCelestinesco\/wp-json\/wp\/v2\/pages\/1122"}],"collection":[{"href":"https:\/\/parnaseo.uv.es\/PortalCelestinesco\/wp-json\/wp\/v2\/pages"}],"about":[{"href":"https:\/\/parnaseo.uv.es\/PortalCelestinesco\/wp-json\/wp\/v2\/types\/page"}],"author":[{"embeddable":true,"href":"https:\/\/parnaseo.uv.es\/PortalCelestinesco\/wp-json\/wp\/v2\/users\/1"}],"replies":[{"embeddable":true,"href":"https:\/\/parnaseo.uv.es\/PortalCelestinesco\/wp-json\/wp\/v2\/comments?post=1122"}],"version-history":[{"count":0,"href":"https:\/\/parnaseo.uv.es\/PortalCelestinesco\/wp-json\/wp\/v2\/pages\/1122\/revisions"}],"wp:attachment":[{"href":"https:\/\/parnaseo.uv.es\/PortalCelestinesco\/wp-json\/wp\/v2\/media?parent=1122"}],"curies":[{"name":"wp","href":"https:\/\/api.w.org\/{rel}","templated":true}]}}